{"id":30311,"date":"2024-02-10T13:21:17","date_gmt":"2024-02-10T13:21:17","guid":{"rendered":"https:\/\/nakichekoi.nl\/?post_type=product&#038;p=30311"},"modified":"2026-04-25T07:43:24","modified_gmt":"2026-04-25T07:43:24","slug":"mini-lam-met-wol-geel","status":"publish","type":"product","link":"https:\/\/www.nakichekoi.nl\/?product=mini-lam-met-wol-geel","title":{"rendered":"Schaap met wol Geel"},"content":{"rendered":"<h1>Schaap met wol geel, een vrolijk tuinbeeld<\/h1>\n<p>B\u00e9\u00e9\u00e9\u00e9\u00e9h. Of Woef. Laat je verrassen door de vrolijke schaapjes bij Nakiche Koi. Het schaap met wol heeft een gele kleur en doet denken aan de wollige vriendjes in de wei. De wol die deze beestjes produceren komen normaal in onze truien terecht. Deze rakker staat dat niet toe en bijt flink van zich af. Daarom laten wij hem maar lekker grazen in de tuin.<\/p>\n<p>Het schaapje heeft geen onderhoud nodig. Daarom is het ideaal als maatje op je balkon, in je huis of bij de vijver. Zet het beest ergens neer en geniet van de verbaasde blikken.<\/p>\n<h2>Eigenschappen van Schaap met wol<\/h2>\n<table style=\"border-collapse: collapse; width: 100%; height: 132px;\">\n<tbody>\n<tr style=\"height: 22px;\">\n<td style=\"width: 50%; height: 22px;\">Materiaal<\/td>\n<td style=\"width: 50%; height: 22px;\">Polystyreen<\/td>\n<\/tr>\n<tr style=\"height: 22px;\">\n<td style=\"width: 50%; height: 22px;\">Kleur<\/td>\n<td style=\"width: 50%; height: 22px;\">Geel<\/td>\n<\/tr>\n<tr style=\"height: 22px;\">\n<td style=\"width: 50%; height: 22px;\">Lengte<\/td>\n<td style=\"width: 50%; height: 22px;\">41 centimeter<\/td>\n<\/tr>\n<tr style=\"height: 22px;\">\n<td style=\"width: 50%; height: 22px;\">Breedte<\/td>\n<td style=\"width: 50%; height: 22px;\">22 centimeter<\/td>\n<\/tr>\n<tr style=\"height: 22px;\">\n<td style=\"width: 50%; height: 22px;\">Hoogte<\/td>\n<td style=\"width: 50%; height: 22px;\">30 centimeter<\/td>\n<\/tr>\n<tr style=\"height: 22px;\">\n<td style=\"width: 50%; height: 22px;\">Gewicht<\/td>\n<td style=\"width: 50%; height: 22px;\">2.5 kilogram<\/td>\n<\/tr>\n<\/tbody>\n<\/table>\n<h2>Kleuren<\/h2>\n<p>Dit schaapje is verkrijgbaar in verschillende kleuren. Kijk daarvoor even in onze <a href=\"https:\/\/www.nakichekoi.nl\/product-categorie\/vijverdecoratie-en-tuindecoratie\/decoratiefiguren\/dieren\/\">tuindecoratie<\/a>.<\/p>\n<h2>Onderhoud van het schaap met wol<\/h2>\n<p>Onze beelden gemaakt van kunststof polystyreen. Dit materiaal is speciaal ontwikkeld zodat je er bijna geen onderhoud aan hebt, en daarom zeer onderhoudsvriendelijk. Wat wel af en toe aan te raden is, hebben wij hieronder omschreven.<\/p>\n<p>1. Maak het beeld geregeld schoon. Dit kan met warm water en een zachte doek of spons. Let op! Doe dit niet met een hoge drukspuit.<\/p>\n<p>2. Onze beelden zijn zowel binnen als buiten neer te zetten. Om de levensduur te verlengen raden wij daarom aan het beeld in de winter (en dagen met harde wind of regen) binnen te zetten. Toch het hele jaar buiten? Door het beeld minstens tweemaal per jaar van een blanke laklaag te voorzien, ben je ervan verzekerd dat de kleuren en verflaag langer behouden blijven.<\/p>\n<p>3. Onverhoopt een kleine beschadiging? Dan kan dit bijgewerkt worden met polyester plamuur. Het bijwerken van de verf is mogelijk met verf op acrylbasis.<\/p>\n","protected":false},"excerpt":{"rendered":"<p>Geef uw tuin een extra leuke twist met dit gezellige schaapje.<\/p>\n","protected":false},"featured_media":38273,"comment_status":"open","ping_status":"closed","template":"","meta":[],"product_brand":[],"product_cat":[1300,1301,332],"product_tag":[584,747,878,1036,1043],"class_list":{"0":"post-30311","1":"product","2":"type-product","3":"status-publish","4":"has-post-thumbnail","6":"product_cat-decoratiefiguren","7":"product_cat-dieren","8":"product_cat-export","9":"product_tag-lam","10":"product_tag-oranje","11":"product_tag-schaap","12":"product_tag-tuinbeeld","13":"product_tag-tuindecoratie","14":"product_shipping_class-2-5-kg","15":"pa_kleur-oranje","16":"pa_soort-lam","18":"first","19":"instock","20":"taxable","21":"shipping-taxable","22":"purchasable","23":"product-type-simple"},"yoast_head":"<!-- This site is optimized with the Yoast SEO plugin v27.4 - https:\/\/yoast.com\/product\/yoast-seo-wordpress\/ -->\n<title>Schaap met wol geel, ideaal maatje voor in de tuin - Nakiche Koi | Alles voor je vijver Schaap<\/title>\n<meta name=\"description\" content=\"Het het tuinbeeld schaap fleur je direct je tuin, balkon of huis op! Zuinig in onderhoud en laat geen vieze sporen achter. Bestel dit tuinbeeld vandaag nog!\" \/>\n<meta name=\"robots\" content=\"index, follow, max-snippet:-1, max-image-preview:large, max-video-preview:-1\" \/>\n<link rel=\"canonical\" href=\"https:\/\/www.nakichekoi.nl\/?product=mini-lam-met-wol-geel\" \/>\n<meta property=\"og:locale\" content=\"nl_NL\" \/>\n<meta property=\"og:type\" content=\"article\" \/>\n<meta property=\"og:title\" content=\"Schaap met wol geel, ideaal maatje voor in de tuin - Nakiche Koi | Alles voor je vijver Schaap\" \/>\n<meta property=\"og:description\" content=\"Het het tuinbeeld schaap fleur je direct je tuin, balkon of huis op! Zuinig in onderhoud en laat geen vieze sporen achter. Bestel dit tuinbeeld vandaag nog!\" \/>\n<meta property=\"og:url\" content=\"https:\/\/www.nakichekoi.nl\/?product=mini-lam-met-wol-geel\" \/>\n<meta property=\"og:site_name\" content=\"Nakiche Koi | Alles voor je vijver\" \/>\n<meta property=\"article:publisher\" content=\"https:\/\/www.facebook.com\/nakichekoi\" \/>\n<meta property=\"article:modified_time\" content=\"2026-04-25T07:43:24+00:00\" \/>\n<meta property=\"og:image\" content=\"https:\/\/www.nakichekoi.nl\/wp-content\/uploads\/2026\/04\/Tuinbeeld-Schaap-Geel-rotated.jpg\" \/>\n\t<meta property=\"og:image:width\" content=\"2448\" \/>\n\t<meta property=\"og:image:height\" content=\"2448\" \/>\n\t<meta property=\"og:image:type\" content=\"image\/jpeg\" \/>\n<meta name=\"twitter:card\" content=\"summary_large_image\" \/>\n<meta name=\"twitter:label1\" content=\"Geschatte leestijd\" \/>\n\t<meta name=\"twitter:data1\" content=\"2 minuten\" \/>\n<script type=\"application\/ld+json\" class=\"yoast-schema-graph\">{\"@context\":\"https:\\\/\\\/schema.org\",\"@graph\":[{\"@type\":\"WebPage\",\"@id\":\"https:\\\/\\\/www.nakichekoi.nl\\\/?product=mini-lam-met-wol-geel\",\"url\":\"https:\\\/\\\/www.nakichekoi.nl\\\/?product=mini-lam-met-wol-geel\",\"name\":\"Schaap met wol geel, ideaal maatje voor in de tuin - Nakiche Koi | Alles voor je vijver Schaap\",\"isPartOf\":{\"@id\":\"https:\\\/\\\/www.nakichekoi.nl\\\/#website\"},\"primaryImageOfPage\":{\"@id\":\"https:\\\/\\\/www.nakichekoi.nl\\\/?product=mini-lam-met-wol-geel#primaryimage\"},\"image\":{\"@id\":\"https:\\\/\\\/www.nakichekoi.nl\\\/?product=mini-lam-met-wol-geel#primaryimage\"},\"thumbnailUrl\":\"https:\\\/\\\/www.nakichekoi.nl\\\/wp-content\\\/uploads\\\/2026\\\/04\\\/Tuinbeeld-Schaap-Geel-rotated.avif\",\"datePublished\":\"2024-02-10T13:21:17+00:00\",\"dateModified\":\"2026-04-25T07:43:24+00:00\",\"description\":\"Het het tuinbeeld schaap fleur je direct je tuin, balkon of huis op! Zuinig in onderhoud en laat geen vieze sporen achter. Bestel dit tuinbeeld vandaag nog!\",\"breadcrumb\":{\"@id\":\"https:\\\/\\\/www.nakichekoi.nl\\\/?product=mini-lam-met-wol-geel#breadcrumb\"},\"inLanguage\":\"nl-NL\",\"potentialAction\":[{\"@type\":\"ReadAction\",\"target\":[\"https:\\\/\\\/www.nakichekoi.nl\\\/?product=mini-lam-met-wol-geel\"]}]},{\"@type\":\"ImageObject\",\"inLanguage\":\"nl-NL\",\"@id\":\"https:\\\/\\\/www.nakichekoi.nl\\\/?product=mini-lam-met-wol-geel#primaryimage\",\"url\":\"https:\\\/\\\/www.nakichekoi.nl\\\/wp-content\\\/uploads\\\/2026\\\/04\\\/Tuinbeeld-Schaap-Geel-rotated.avif\",\"contentUrl\":\"https:\\\/\\\/www.nakichekoi.nl\\\/wp-content\\\/uploads\\\/2026\\\/04\\\/Tuinbeeld-Schaap-Geel-rotated.avif\",\"width\":2448,\"height\":2448},{\"@type\":\"BreadcrumbList\",\"@id\":\"https:\\\/\\\/www.nakichekoi.nl\\\/?product=mini-lam-met-wol-geel#breadcrumb\",\"itemListElement\":[{\"@type\":\"ListItem\",\"position\":1,\"name\":\"Home\",\"item\":\"https:\\\/\\\/www.nakichekoi.nl\\\/\"},{\"@type\":\"ListItem\",\"position\":2,\"name\":\"Winkel\",\"item\":\"https:\\\/\\\/www.nakichekoi.nl\\\/?page_id=8\"},{\"@type\":\"ListItem\",\"position\":3,\"name\":\"Schaap met wol Geel\"}]},{\"@type\":\"WebSite\",\"@id\":\"https:\\\/\\\/www.nakichekoi.nl\\\/#website\",\"url\":\"https:\\\/\\\/www.nakichekoi.nl\\\/\",\"name\":\"Nakiche Koi | Alles voor je vijver\",\"description\":\"Vijverbenodigdheden en meer!\",\"publisher\":{\"@id\":\"https:\\\/\\\/www.nakichekoi.nl\\\/#organization\"},\"potentialAction\":[{\"@type\":\"SearchAction\",\"target\":{\"@type\":\"EntryPoint\",\"urlTemplate\":\"https:\\\/\\\/www.nakichekoi.nl\\\/?s={search_term_string}\"},\"query-input\":{\"@type\":\"PropertyValueSpecification\",\"valueRequired\":true,\"valueName\":\"search_term_string\"}}],\"inLanguage\":\"nl-NL\"},{\"@type\":\"Organization\",\"@id\":\"https:\\\/\\\/www.nakichekoi.nl\\\/#organization\",\"name\":\"Nakiche Koi | Alles voor je vijver\",\"url\":\"https:\\\/\\\/www.nakichekoi.nl\\\/\",\"logo\":{\"@type\":\"ImageObject\",\"inLanguage\":\"nl-NL\",\"@id\":\"https:\\\/\\\/www.nakichekoi.nl\\\/#\\\/schema\\\/logo\\\/image\\\/\",\"url\":\"https:\\\/\\\/www.nakichekoi.nl\\\/wp-content\\\/uploads\\\/2026\\\/04\\\/logo.avif\",\"contentUrl\":\"https:\\\/\\\/www.nakichekoi.nl\\\/wp-content\\\/uploads\\\/2026\\\/04\\\/logo.avif\",\"width\":228,\"height\":48,\"caption\":\"Nakiche Koi | Alles voor je vijver\"},\"image\":{\"@id\":\"https:\\\/\\\/www.nakichekoi.nl\\\/#\\\/schema\\\/logo\\\/image\\\/\"},\"sameAs\":[\"https:\\\/\\\/www.facebook.com\\\/nakichekoi\"]}]}<\/script>\n<!-- \/ Yoast SEO plugin. -->","yoast_head_json":{"title":"Schaap met wol geel, ideaal maatje voor in de tuin - Nakiche Koi | Alles voor je vijver Schaap","description":"Het het tuinbeeld schaap fleur je direct je tuin, balkon of huis op! Zuinig in onderhoud en laat geen vieze sporen achter. Bestel dit tuinbeeld vandaag nog!","robots":{"index":"index","follow":"follow","max-snippet":"max-snippet:-1","max-image-preview":"max-image-preview:large","max-video-preview":"max-video-preview:-1"},"canonical":"https:\/\/www.nakichekoi.nl\/?product=mini-lam-met-wol-geel","og_locale":"nl_NL","og_type":"article","og_title":"Schaap met wol geel, ideaal maatje voor in de tuin - Nakiche Koi | Alles voor je vijver Schaap","og_description":"Het het tuinbeeld schaap fleur je direct je tuin, balkon of huis op! Zuinig in onderhoud en laat geen vieze sporen achter. Bestel dit tuinbeeld vandaag nog!","og_url":"https:\/\/www.nakichekoi.nl\/?product=mini-lam-met-wol-geel","og_site_name":"Nakiche Koi | Alles voor je vijver","article_publisher":"https:\/\/www.facebook.com\/nakichekoi","article_modified_time":"2026-04-25T07:43:24+00:00","og_image":[{"width":2448,"height":2448,"url":"https:\/\/www.nakichekoi.nl\/wp-content\/uploads\/2026\/04\/Tuinbeeld-Schaap-Geel-rotated.jpg","type":"image\/jpeg"}],"twitter_card":"summary_large_image","twitter_misc":{"Geschatte leestijd":"2 minuten"},"schema":{"@context":"https:\/\/schema.org","@graph":[{"@type":"WebPage","@id":"https:\/\/www.nakichekoi.nl\/?product=mini-lam-met-wol-geel","url":"https:\/\/www.nakichekoi.nl\/?product=mini-lam-met-wol-geel","name":"Schaap met wol geel, ideaal maatje voor in de tuin - Nakiche Koi | Alles voor je vijver Schaap","isPartOf":{"@id":"https:\/\/www.nakichekoi.nl\/#website"},"primaryImageOfPage":{"@id":"https:\/\/www.nakichekoi.nl\/?product=mini-lam-met-wol-geel#primaryimage"},"image":{"@id":"https:\/\/www.nakichekoi.nl\/?product=mini-lam-met-wol-geel#primaryimage"},"thumbnailUrl":"https:\/\/www.nakichekoi.nl\/wp-content\/uploads\/2026\/04\/Tuinbeeld-Schaap-Geel-rotated.avif","datePublished":"2024-02-10T13:21:17+00:00","dateModified":"2026-04-25T07:43:24+00:00","description":"Het het tuinbeeld schaap fleur je direct je tuin, balkon of huis op! Zuinig in onderhoud en laat geen vieze sporen achter. Bestel dit tuinbeeld vandaag nog!","breadcrumb":{"@id":"https:\/\/www.nakichekoi.nl\/?product=mini-lam-met-wol-geel#breadcrumb"},"inLanguage":"nl-NL","potentialAction":[{"@type":"ReadAction","target":["https:\/\/www.nakichekoi.nl\/?product=mini-lam-met-wol-geel"]}]},{"@type":"ImageObject","inLanguage":"nl-NL","@id":"https:\/\/www.nakichekoi.nl\/?product=mini-lam-met-wol-geel#primaryimage","url":"https:\/\/www.nakichekoi.nl\/wp-content\/uploads\/2026\/04\/Tuinbeeld-Schaap-Geel-rotated.avif","contentUrl":"https:\/\/www.nakichekoi.nl\/wp-content\/uploads\/2026\/04\/Tuinbeeld-Schaap-Geel-rotated.avif","width":2448,"height":2448},{"@type":"BreadcrumbList","@id":"https:\/\/www.nakichekoi.nl\/?product=mini-lam-met-wol-geel#breadcrumb","itemListElement":[{"@type":"ListItem","position":1,"name":"Home","item":"https:\/\/www.nakichekoi.nl\/"},{"@type":"ListItem","position":2,"name":"Winkel","item":"https:\/\/www.nakichekoi.nl\/?page_id=8"},{"@type":"ListItem","position":3,"name":"Schaap met wol Geel"}]},{"@type":"WebSite","@id":"https:\/\/www.nakichekoi.nl\/#website","url":"https:\/\/www.nakichekoi.nl\/","name":"Nakiche Koi | Alles voor je vijver","description":"Vijverbenodigdheden en meer!","publisher":{"@id":"https:\/\/www.nakichekoi.nl\/#organization"},"potentialAction":[{"@type":"SearchAction","target":{"@type":"EntryPoint","urlTemplate":"https:\/\/www.nakichekoi.nl\/?s={search_term_string}"},"query-input":{"@type":"PropertyValueSpecification","valueRequired":true,"valueName":"search_term_string"}}],"inLanguage":"nl-NL"},{"@type":"Organization","@id":"https:\/\/www.nakichekoi.nl\/#organization","name":"Nakiche Koi | Alles voor je vijver","url":"https:\/\/www.nakichekoi.nl\/","logo":{"@type":"ImageObject","inLanguage":"nl-NL","@id":"https:\/\/www.nakichekoi.nl\/#\/schema\/logo\/image\/","url":"https:\/\/www.nakichekoi.nl\/wp-content\/uploads\/2026\/04\/logo.avif","contentUrl":"https:\/\/www.nakichekoi.nl\/wp-content\/uploads\/2026\/04\/logo.avif","width":228,"height":48,"caption":"Nakiche Koi | Alles voor je vijver"},"image":{"@id":"https:\/\/www.nakichekoi.nl\/#\/schema\/logo\/image\/"},"sameAs":["https:\/\/www.facebook.com\/nakichekoi"]}]}},"_links":{"self":[{"href":"https:\/\/www.nakichekoi.nl\/index.php?rest_route=\/wp\/v2\/product\/30311","targetHints":{"allow":["GET"]}}],"collection":[{"href":"https:\/\/www.nakichekoi.nl\/index.php?rest_route=\/wp\/v2\/product"}],"about":[{"href":"https:\/\/www.nakichekoi.nl\/index.php?rest_route=\/wp\/v2\/types\/product"}],"replies":[{"embeddable":true,"href":"https:\/\/www.nakichekoi.nl\/index.php?rest_route=%2Fwp%2Fv2%2Fcomments&post=30311"}],"wp:featuredmedia":[{"embeddable":true,"href":"https:\/\/www.nakichekoi.nl\/index.php?rest_route=\/wp\/v2\/media\/38273"}],"wp:attachment":[{"href":"https:\/\/www.nakichekoi.nl\/index.php?rest_route=%2Fwp%2Fv2%2Fmedia&parent=30311"}],"wp:term":[{"taxonomy":"product_brand","embeddable":true,"href":"https:\/\/www.nakichekoi.nl\/index.php?rest_route=%2Fwp%2Fv2%2Fproduct_brand&post=30311"},{"taxonomy":"product_cat","embeddable":true,"href":"https:\/\/www.nakichekoi.nl\/index.php?rest_route=%2Fwp%2Fv2%2Fproduct_cat&post=30311"},{"taxonomy":"product_tag","embeddable":true,"href":"https:\/\/www.nakichekoi.nl\/index.php?rest_route=%2Fwp%2Fv2%2Fproduct_tag&post=30311"}],"curies":[{"name":"wp","href":"https:\/\/api.w.org\/{rel}","templated":true}]}}