{"id":18564,"date":"2019-08-24T06:55:30","date_gmt":"2019-08-24T06:55:30","guid":{"rendered":"https:\/\/nakichekoi.nl\/product\/import-placeholder-for-8568\/"},"modified":"2026-04-25T07:40:54","modified_gmt":"2026-04-25T07:40:54","slug":"mini-lam-met-wol-blauw","status":"publish","type":"product","link":"https:\/\/www.nakichekoi.nl\/?product=mini-lam-met-wol-blauw","title":{"rendered":"Mini lam met wol blauw"},"content":{"rendered":"<h1>Mini lam met wol blauw, een vrolijk tuinbeeld<\/h1>\n<p>B\u00e9\u00e9\u00e9\u00e9\u00e9h. Of Woef. Laat je verrassen door de vrolijke schaapjes bij Nakiche Koi. Het tuinbeeld schaap heeft een blauwe kleur en doet denken aan de wollige vriendjes in de wei. De wol die deze beestjes produceren komen normaal in onze truien terecht. Deze rakker staat dat niet toe en bijt flink van zich af. Daarom laten wij hem maar lekker grazen in de tuin.<\/p>\n<p>Het schaapje heeft geen onderhoud nodig. Daarom is het ideaal als maatje op je balkon, in je huis of bij de vijver. Zet het beest ergens neer en geniet van de verbaasde blikken.<\/p>\n<h2>Eigenschappen van Mini lam met wol blauw<\/h2>\n<table style=\"border-collapse: collapse; width: 100%; height: 132px;\">\n<tbody>\n<tr style=\"height: 22px;\">\n<td style=\"width: 50%; height: 22px;\">Materiaal<\/td>\n<td style=\"width: 50%; height: 22px;\">Polystyreen<\/td>\n<\/tr>\n<tr style=\"height: 22px;\">\n<td style=\"width: 50%; height: 22px;\">Kleur<\/td>\n<td style=\"width: 50%; height: 22px;\">Blauw<\/td>\n<\/tr>\n<tr style=\"height: 22px;\">\n<td style=\"width: 50%; height: 22px;\">Lengte<\/td>\n<td style=\"width: 50%; height: 22px;\">28 centimeter<\/td>\n<\/tr>\n<tr style=\"height: 22px;\">\n<td style=\"width: 50%; height: 22px;\">Breedte<\/td>\n<td style=\"width: 50%; height: 22px;\">15 centimeter<\/td>\n<\/tr>\n<tr style=\"height: 22px;\">\n<td style=\"width: 50%; height: 22px;\">Hoogte<\/td>\n<td style=\"width: 50%; height: 22px;\">20 centimeter<\/td>\n<\/tr>\n<tr style=\"height: 22px;\">\n<td style=\"width: 50%; height: 22px;\">Gewicht<\/td>\n<td style=\"width: 50%; height: 22px;\">0.9 kilogram<\/td>\n<\/tr>\n<\/tbody>\n<\/table>\n<h2>Kleuren<\/h2>\n<p>Dit schaapje is verkrijgbaar in verschillende kleuren. Kijk daarvoor even in onze <a href=\"https:\/\/www.nakichekoi.nl\/product-categorie\/vijverdecoratie-en-tuindecoratie\/decoratiefiguren\/dieren\/\">tuindecoratie<\/a>.<\/p>\n<h2>Onderhoud van het Mini lam met wol blauw schaap<\/h2>\n<p>Onze beelden gemaakt van kunststof polystyreen. Dit materiaal is speciaal ontwikkeld zodat je er bijna geen onderhoud aan hebt, en daarom zeer onderhoudsvriendelijk. Wat wel af en toe aan te raden is, hebben wij hieronder omschreven.<\/p>\n<p>1. Maak het beeld geregeld schoon. Dit kan met warm water en een zachte doek of spons. Let op! Doe dit niet met een hoge drukspuit.<\/p>\n<p>2. Onze beelden zijn zowel binnen als buiten neer te zetten. Om de levensduur te verlengen raden wij daarom aan het beeld in de winter (en dagen met harde wind of regen) binnen te zetten. Toch het hele jaar buiten? Door het beeld minstens tweemaal per jaar van een blanke laklaag te voorzien, ben je ervan verzekerd dat de kleuren en verflaag langer behouden blijven.<\/p>\n<p>3. Onverhoopt een kleine beschadiging? Dan kan dit bijgewerkt worden met polyester plamuur. Het bijwerken van de verf is mogelijk met verf op acrylbasis.<\/p>\n","protected":false},"excerpt":{"rendered":"<p>Fleur uw tuin, terras of balkon op met dit unieke schaapje, die beschikbaar is in verschillende kleuren<\/p>\n","protected":false},"featured_media":37971,"comment_status":"open","ping_status":"closed","template":"","meta":[],"product_brand":[],"product_cat":[1300,1301,332],"product_tag":[177,584,878,1036,1043],"class_list":{"0":"post-18564","1":"product","2":"type-product","3":"status-publish","4":"has-post-thumbnail","6":"product_cat-decoratiefiguren","7":"product_cat-dieren","8":"product_cat-export","9":"product_tag-blauw","10":"product_tag-lam","11":"product_tag-schaap","12":"product_tag-tuinbeeld","13":"product_tag-tuindecoratie","14":"product_shipping_class-2-5-kg","15":"pa_kleur-blauw","16":"pa_soort-lam","18":"first","19":"instock","20":"taxable","21":"shipping-taxable","22":"purchasable","23":"product-type-simple"},"yoast_head":"<!-- This site is optimized with the Yoast SEO plugin v27.4 - https:\/\/yoast.com\/product\/yoast-seo-wordpress\/ -->\n<title>Mini lam met wol blauw, ideaal maatje voor in de tuin - Nakiche Koi | Alles voor je vijver<\/title>\n<meta name=\"description\" content=\"Met Mini lam met wol blauw fleur je direct je tuin, balkon of huis op! Zuinig in onderhoud en laat geen vieze sporen achter. Bestel dit tuinbeeld vandaag nog!\" \/>\n<meta name=\"robots\" content=\"index, follow, max-snippet:-1, max-image-preview:large, max-video-preview:-1\" \/>\n<link rel=\"canonical\" href=\"https:\/\/www.nakichekoi.nl\/?product=mini-lam-met-wol-blauw\" \/>\n<meta property=\"og:locale\" content=\"nl_NL\" \/>\n<meta property=\"og:type\" content=\"article\" \/>\n<meta property=\"og:title\" content=\"Mini lam met wol blauw, ideaal maatje voor in de tuin - Nakiche Koi | Alles voor je vijver\" \/>\n<meta property=\"og:description\" content=\"Met Mini lam met wol blauw fleur je direct je tuin, balkon of huis op! Zuinig in onderhoud en laat geen vieze sporen achter. Bestel dit tuinbeeld vandaag nog!\" \/>\n<meta property=\"og:url\" content=\"https:\/\/www.nakichekoi.nl\/?product=mini-lam-met-wol-blauw\" \/>\n<meta property=\"og:site_name\" content=\"Nakiche Koi | Alles voor je vijver\" \/>\n<meta property=\"article:publisher\" content=\"https:\/\/www.facebook.com\/nakichekoi\" \/>\n<meta property=\"article:modified_time\" content=\"2026-04-25T07:40:54+00:00\" \/>\n<meta property=\"og:image\" content=\"https:\/\/www.nakichekoi.nl\/wp-content\/uploads\/2026\/04\/tuinbeeld-lam-blauw.jpg\" \/>\n\t<meta property=\"og:image:width\" content=\"2448\" \/>\n\t<meta property=\"og:image:height\" content=\"2448\" \/>\n\t<meta property=\"og:image:type\" content=\"image\/jpeg\" \/>\n<meta name=\"twitter:card\" content=\"summary_large_image\" \/>\n<meta name=\"twitter:label1\" content=\"Geschatte leestijd\" \/>\n\t<meta name=\"twitter:data1\" content=\"1 minuut\" \/>\n<script type=\"application\/ld+json\" class=\"yoast-schema-graph\">{\"@context\":\"https:\\\/\\\/schema.org\",\"@graph\":[{\"@type\":\"WebPage\",\"@id\":\"https:\\\/\\\/www.nakichekoi.nl\\\/?product=mini-lam-met-wol-blauw\",\"url\":\"https:\\\/\\\/www.nakichekoi.nl\\\/?product=mini-lam-met-wol-blauw\",\"name\":\"Mini lam met wol blauw, ideaal maatje voor in de tuin - Nakiche Koi | Alles voor je vijver\",\"isPartOf\":{\"@id\":\"https:\\\/\\\/www.nakichekoi.nl\\\/#website\"},\"primaryImageOfPage\":{\"@id\":\"https:\\\/\\\/www.nakichekoi.nl\\\/?product=mini-lam-met-wol-blauw#primaryimage\"},\"image\":{\"@id\":\"https:\\\/\\\/www.nakichekoi.nl\\\/?product=mini-lam-met-wol-blauw#primaryimage\"},\"thumbnailUrl\":\"https:\\\/\\\/www.nakichekoi.nl\\\/wp-content\\\/uploads\\\/2026\\\/04\\\/tuinbeeld-lam-blauw.avif\",\"datePublished\":\"2019-08-24T06:55:30+00:00\",\"dateModified\":\"2026-04-25T07:40:54+00:00\",\"description\":\"Met Mini lam met wol blauw fleur je direct je tuin, balkon of huis op! Zuinig in onderhoud en laat geen vieze sporen achter. Bestel dit tuinbeeld vandaag nog!\",\"breadcrumb\":{\"@id\":\"https:\\\/\\\/www.nakichekoi.nl\\\/?product=mini-lam-met-wol-blauw#breadcrumb\"},\"inLanguage\":\"nl-NL\",\"potentialAction\":[{\"@type\":\"ReadAction\",\"target\":[\"https:\\\/\\\/www.nakichekoi.nl\\\/?product=mini-lam-met-wol-blauw\"]}]},{\"@type\":\"ImageObject\",\"inLanguage\":\"nl-NL\",\"@id\":\"https:\\\/\\\/www.nakichekoi.nl\\\/?product=mini-lam-met-wol-blauw#primaryimage\",\"url\":\"https:\\\/\\\/www.nakichekoi.nl\\\/wp-content\\\/uploads\\\/2026\\\/04\\\/tuinbeeld-lam-blauw.avif\",\"contentUrl\":\"https:\\\/\\\/www.nakichekoi.nl\\\/wp-content\\\/uploads\\\/2026\\\/04\\\/tuinbeeld-lam-blauw.avif\",\"width\":2448,\"height\":2448},{\"@type\":\"BreadcrumbList\",\"@id\":\"https:\\\/\\\/www.nakichekoi.nl\\\/?product=mini-lam-met-wol-blauw#breadcrumb\",\"itemListElement\":[{\"@type\":\"ListItem\",\"position\":1,\"name\":\"Home\",\"item\":\"https:\\\/\\\/www.nakichekoi.nl\\\/\"},{\"@type\":\"ListItem\",\"position\":2,\"name\":\"Winkel\",\"item\":\"https:\\\/\\\/www.nakichekoi.nl\\\/?page_id=8\"},{\"@type\":\"ListItem\",\"position\":3,\"name\":\"Mini lam met wol blauw\"}]},{\"@type\":\"WebSite\",\"@id\":\"https:\\\/\\\/www.nakichekoi.nl\\\/#website\",\"url\":\"https:\\\/\\\/www.nakichekoi.nl\\\/\",\"name\":\"Nakiche Koi | Alles voor je vijver\",\"description\":\"Vijverbenodigdheden en meer!\",\"publisher\":{\"@id\":\"https:\\\/\\\/www.nakichekoi.nl\\\/#organization\"},\"potentialAction\":[{\"@type\":\"SearchAction\",\"target\":{\"@type\":\"EntryPoint\",\"urlTemplate\":\"https:\\\/\\\/www.nakichekoi.nl\\\/?s={search_term_string}\"},\"query-input\":{\"@type\":\"PropertyValueSpecification\",\"valueRequired\":true,\"valueName\":\"search_term_string\"}}],\"inLanguage\":\"nl-NL\"},{\"@type\":\"Organization\",\"@id\":\"https:\\\/\\\/www.nakichekoi.nl\\\/#organization\",\"name\":\"Nakiche Koi | Alles voor je vijver\",\"url\":\"https:\\\/\\\/www.nakichekoi.nl\\\/\",\"logo\":{\"@type\":\"ImageObject\",\"inLanguage\":\"nl-NL\",\"@id\":\"https:\\\/\\\/www.nakichekoi.nl\\\/#\\\/schema\\\/logo\\\/image\\\/\",\"url\":\"https:\\\/\\\/www.nakichekoi.nl\\\/wp-content\\\/uploads\\\/2026\\\/04\\\/logo.avif\",\"contentUrl\":\"https:\\\/\\\/www.nakichekoi.nl\\\/wp-content\\\/uploads\\\/2026\\\/04\\\/logo.avif\",\"width\":228,\"height\":48,\"caption\":\"Nakiche Koi | Alles voor je vijver\"},\"image\":{\"@id\":\"https:\\\/\\\/www.nakichekoi.nl\\\/#\\\/schema\\\/logo\\\/image\\\/\"},\"sameAs\":[\"https:\\\/\\\/www.facebook.com\\\/nakichekoi\"]}]}<\/script>\n<!-- \/ Yoast SEO plugin. -->","yoast_head_json":{"title":"Mini lam met wol blauw, ideaal maatje voor in de tuin - Nakiche Koi | Alles voor je vijver","description":"Met Mini lam met wol blauw fleur je direct je tuin, balkon of huis op! Zuinig in onderhoud en laat geen vieze sporen achter. Bestel dit tuinbeeld vandaag nog!","robots":{"index":"index","follow":"follow","max-snippet":"max-snippet:-1","max-image-preview":"max-image-preview:large","max-video-preview":"max-video-preview:-1"},"canonical":"https:\/\/www.nakichekoi.nl\/?product=mini-lam-met-wol-blauw","og_locale":"nl_NL","og_type":"article","og_title":"Mini lam met wol blauw, ideaal maatje voor in de tuin - Nakiche Koi | Alles voor je vijver","og_description":"Met Mini lam met wol blauw fleur je direct je tuin, balkon of huis op! Zuinig in onderhoud en laat geen vieze sporen achter. Bestel dit tuinbeeld vandaag nog!","og_url":"https:\/\/www.nakichekoi.nl\/?product=mini-lam-met-wol-blauw","og_site_name":"Nakiche Koi | Alles voor je vijver","article_publisher":"https:\/\/www.facebook.com\/nakichekoi","article_modified_time":"2026-04-25T07:40:54+00:00","og_image":[{"width":2448,"height":2448,"url":"https:\/\/www.nakichekoi.nl\/wp-content\/uploads\/2026\/04\/tuinbeeld-lam-blauw.jpg","type":"image\/jpeg"}],"twitter_card":"summary_large_image","twitter_misc":{"Geschatte leestijd":"1 minuut"},"schema":{"@context":"https:\/\/schema.org","@graph":[{"@type":"WebPage","@id":"https:\/\/www.nakichekoi.nl\/?product=mini-lam-met-wol-blauw","url":"https:\/\/www.nakichekoi.nl\/?product=mini-lam-met-wol-blauw","name":"Mini lam met wol blauw, ideaal maatje voor in de tuin - Nakiche Koi | Alles voor je vijver","isPartOf":{"@id":"https:\/\/www.nakichekoi.nl\/#website"},"primaryImageOfPage":{"@id":"https:\/\/www.nakichekoi.nl\/?product=mini-lam-met-wol-blauw#primaryimage"},"image":{"@id":"https:\/\/www.nakichekoi.nl\/?product=mini-lam-met-wol-blauw#primaryimage"},"thumbnailUrl":"https:\/\/www.nakichekoi.nl\/wp-content\/uploads\/2026\/04\/tuinbeeld-lam-blauw.avif","datePublished":"2019-08-24T06:55:30+00:00","dateModified":"2026-04-25T07:40:54+00:00","description":"Met Mini lam met wol blauw fleur je direct je tuin, balkon of huis op! Zuinig in onderhoud en laat geen vieze sporen achter. Bestel dit tuinbeeld vandaag nog!","breadcrumb":{"@id":"https:\/\/www.nakichekoi.nl\/?product=mini-lam-met-wol-blauw#breadcrumb"},"inLanguage":"nl-NL","potentialAction":[{"@type":"ReadAction","target":["https:\/\/www.nakichekoi.nl\/?product=mini-lam-met-wol-blauw"]}]},{"@type":"ImageObject","inLanguage":"nl-NL","@id":"https:\/\/www.nakichekoi.nl\/?product=mini-lam-met-wol-blauw#primaryimage","url":"https:\/\/www.nakichekoi.nl\/wp-content\/uploads\/2026\/04\/tuinbeeld-lam-blauw.avif","contentUrl":"https:\/\/www.nakichekoi.nl\/wp-content\/uploads\/2026\/04\/tuinbeeld-lam-blauw.avif","width":2448,"height":2448},{"@type":"BreadcrumbList","@id":"https:\/\/www.nakichekoi.nl\/?product=mini-lam-met-wol-blauw#breadcrumb","itemListElement":[{"@type":"ListItem","position":1,"name":"Home","item":"https:\/\/www.nakichekoi.nl\/"},{"@type":"ListItem","position":2,"name":"Winkel","item":"https:\/\/www.nakichekoi.nl\/?page_id=8"},{"@type":"ListItem","position":3,"name":"Mini lam met wol blauw"}]},{"@type":"WebSite","@id":"https:\/\/www.nakichekoi.nl\/#website","url":"https:\/\/www.nakichekoi.nl\/","name":"Nakiche Koi | Alles voor je vijver","description":"Vijverbenodigdheden en meer!","publisher":{"@id":"https:\/\/www.nakichekoi.nl\/#organization"},"potentialAction":[{"@type":"SearchAction","target":{"@type":"EntryPoint","urlTemplate":"https:\/\/www.nakichekoi.nl\/?s={search_term_string}"},"query-input":{"@type":"PropertyValueSpecification","valueRequired":true,"valueName":"search_term_string"}}],"inLanguage":"nl-NL"},{"@type":"Organization","@id":"https:\/\/www.nakichekoi.nl\/#organization","name":"Nakiche Koi | Alles voor je vijver","url":"https:\/\/www.nakichekoi.nl\/","logo":{"@type":"ImageObject","inLanguage":"nl-NL","@id":"https:\/\/www.nakichekoi.nl\/#\/schema\/logo\/image\/","url":"https:\/\/www.nakichekoi.nl\/wp-content\/uploads\/2026\/04\/logo.avif","contentUrl":"https:\/\/www.nakichekoi.nl\/wp-content\/uploads\/2026\/04\/logo.avif","width":228,"height":48,"caption":"Nakiche Koi | Alles voor je vijver"},"image":{"@id":"https:\/\/www.nakichekoi.nl\/#\/schema\/logo\/image\/"},"sameAs":["https:\/\/www.facebook.com\/nakichekoi"]}]}},"_links":{"self":[{"href":"https:\/\/www.nakichekoi.nl\/index.php?rest_route=\/wp\/v2\/product\/18564","targetHints":{"allow":["GET"]}}],"collection":[{"href":"https:\/\/www.nakichekoi.nl\/index.php?rest_route=\/wp\/v2\/product"}],"about":[{"href":"https:\/\/www.nakichekoi.nl\/index.php?rest_route=\/wp\/v2\/types\/product"}],"replies":[{"embeddable":true,"href":"https:\/\/www.nakichekoi.nl\/index.php?rest_route=%2Fwp%2Fv2%2Fcomments&post=18564"}],"wp:featuredmedia":[{"embeddable":true,"href":"https:\/\/www.nakichekoi.nl\/index.php?rest_route=\/wp\/v2\/media\/37971"}],"wp:attachment":[{"href":"https:\/\/www.nakichekoi.nl\/index.php?rest_route=%2Fwp%2Fv2%2Fmedia&parent=18564"}],"wp:term":[{"taxonomy":"product_brand","embeddable":true,"href":"https:\/\/www.nakichekoi.nl\/index.php?rest_route=%2Fwp%2Fv2%2Fproduct_brand&post=18564"},{"taxonomy":"product_cat","embeddable":true,"href":"https:\/\/www.nakichekoi.nl\/index.php?rest_route=%2Fwp%2Fv2%2Fproduct_cat&post=18564"},{"taxonomy":"product_tag","embeddable":true,"href":"https:\/\/www.nakichekoi.nl\/index.php?rest_route=%2Fwp%2Fv2%2Fproduct_tag&post=18564"}],"curies":[{"name":"wp","href":"https:\/\/api.w.org\/{rel}","templated":true}]}}