{"id":16526,"date":"2019-08-24T05:57:29","date_gmt":"2019-08-24T05:57:29","guid":{"rendered":"https:\/\/nakichekoi.nl\/product\/import-placeholder-for-2074\/"},"modified":"2026-04-25T07:40:10","modified_gmt":"2026-04-25T07:40:10","slug":"takazumi-ammofix-1l","status":"publish","type":"product","link":"https:\/\/www.nakichekoi.nl\/?product=takazumi-ammofix-1l","title":{"rendered":"Takazumi Ammofix 1L"},"content":{"rendered":"<h1>Waterbehandeling Takazumi Ammofix<\/h1>\n<p>Ammonia oxiderende bacteri\u00ebn.<\/p>\n<p><strong>Tegen ammonia<\/strong><br \/>\nTakazumi Ammofix is een cocktail van ammonia oxiderende bacteri\u00ebn, enzymen die het door hetrotrofe bacteri\u00ebn geproduceerde ammonia omzetten naar nitriet. Waarna de Nitriet oxiderende bacteri\u00ebn in Takazumi Nitrifix het om kunnen zetten in ongevaarlijke nitraat en enzymen producerende bacteriestammen.<\/p>\n<p><strong> Gebruik:<\/strong><\/p>\n<ul>\n<li>Opstart en elk voorjaar: op DAG 1 en DAG 6 25ml Takazumi Ammofix per 1000L. Gebruik op de DAG 4 en DAG 14 Takazumi Nitrifix<\/li>\n<li>Voor onderhoud: 25ml Takazumi Ammofix per 1000L vijverwater per maand<\/li>\n<li>Bij verhoogde ammonia waarde: 25ml per 1000L vijverwater per dag tot de waarde van beneden de 0,5 mg\/l is bereikt<\/li>\n<\/ul>\n","protected":false},"excerpt":{"rendered":"<p>vijverwaterbehandeling<\/p>\n","protected":false},"featured_media":37764,"comment_status":"open","ping_status":"closed","template":"","meta":[],"product_brand":[],"product_cat":[1209],"product_tag":[],"class_list":{"0":"post-16526","1":"product","2":"type-product","3":"status-publish","4":"has-post-thumbnail","6":"product_cat-waterbehandeling","8":"first","9":"instock","10":"taxable","11":"shipping-taxable","12":"purchasable","13":"product-type-simple"},"yoast_head":"<!-- This site is optimized with the Yoast SEO plugin v27.4 - https:\/\/yoast.com\/product\/yoast-seo-wordpress\/ -->\n<title>Takazumi Ammofix 1L - Nakiche Koi | Alles voor je vijver<\/title>\n<meta name=\"robots\" content=\"index, follow, max-snippet:-1, max-image-preview:large, max-video-preview:-1\" \/>\n<link rel=\"canonical\" href=\"https:\/\/www.nakichekoi.nl\/?product=takazumi-ammofix-1l\" \/>\n<meta property=\"og:locale\" content=\"nl_NL\" \/>\n<meta property=\"og:type\" content=\"article\" \/>\n<meta property=\"og:title\" content=\"Takazumi Ammofix 1L - Nakiche Koi | Alles voor je vijver\" \/>\n<meta property=\"og:description\" content=\"vijverwaterbehandeling\" \/>\n<meta property=\"og:url\" content=\"https:\/\/www.nakichekoi.nl\/?product=takazumi-ammofix-1l\" \/>\n<meta property=\"og:site_name\" content=\"Nakiche Koi | Alles voor je vijver\" \/>\n<meta property=\"article:publisher\" content=\"https:\/\/www.facebook.com\/nakichekoi\" \/>\n<meta property=\"article:modified_time\" content=\"2026-04-25T07:40:10+00:00\" \/>\n<meta property=\"og:image\" content=\"https:\/\/www.nakichekoi.nl\/wp-content\/uploads\/2026\/04\/takazumiammofix-1-1.png\" \/>\n\t<meta property=\"og:image:width\" content=\"300\" \/>\n\t<meta property=\"og:image:height\" content=\"300\" \/>\n\t<meta property=\"og:image:type\" content=\"image\/png\" \/>\n<meta name=\"twitter:card\" content=\"summary_large_image\" \/>\n<meta name=\"twitter:label1\" content=\"Geschatte leestijd\" \/>\n\t<meta name=\"twitter:data1\" content=\"1 minuut\" \/>\n<script type=\"application\/ld+json\" class=\"yoast-schema-graph\">{\"@context\":\"https:\\\/\\\/schema.org\",\"@graph\":[{\"@type\":\"WebPage\",\"@id\":\"https:\\\/\\\/www.nakichekoi.nl\\\/?product=takazumi-ammofix-1l\",\"url\":\"https:\\\/\\\/www.nakichekoi.nl\\\/?product=takazumi-ammofix-1l\",\"name\":\"Takazumi Ammofix 1L - Nakiche Koi | Alles voor je vijver\",\"isPartOf\":{\"@id\":\"https:\\\/\\\/www.nakichekoi.nl\\\/#website\"},\"primaryImageOfPage\":{\"@id\":\"https:\\\/\\\/www.nakichekoi.nl\\\/?product=takazumi-ammofix-1l#primaryimage\"},\"image\":{\"@id\":\"https:\\\/\\\/www.nakichekoi.nl\\\/?product=takazumi-ammofix-1l#primaryimage\"},\"thumbnailUrl\":\"https:\\\/\\\/www.nakichekoi.nl\\\/wp-content\\\/uploads\\\/2026\\\/04\\\/takazumiammofix-1-1.avif\",\"datePublished\":\"2019-08-24T05:57:29+00:00\",\"dateModified\":\"2026-04-25T07:40:10+00:00\",\"breadcrumb\":{\"@id\":\"https:\\\/\\\/www.nakichekoi.nl\\\/?product=takazumi-ammofix-1l#breadcrumb\"},\"inLanguage\":\"nl-NL\",\"potentialAction\":[{\"@type\":\"ReadAction\",\"target\":[\"https:\\\/\\\/www.nakichekoi.nl\\\/?product=takazumi-ammofix-1l\"]}]},{\"@type\":\"ImageObject\",\"inLanguage\":\"nl-NL\",\"@id\":\"https:\\\/\\\/www.nakichekoi.nl\\\/?product=takazumi-ammofix-1l#primaryimage\",\"url\":\"https:\\\/\\\/www.nakichekoi.nl\\\/wp-content\\\/uploads\\\/2026\\\/04\\\/takazumiammofix-1-1.avif\",\"contentUrl\":\"https:\\\/\\\/www.nakichekoi.nl\\\/wp-content\\\/uploads\\\/2026\\\/04\\\/takazumiammofix-1-1.avif\",\"width\":300,\"height\":300},{\"@type\":\"BreadcrumbList\",\"@id\":\"https:\\\/\\\/www.nakichekoi.nl\\\/?product=takazumi-ammofix-1l#breadcrumb\",\"itemListElement\":[{\"@type\":\"ListItem\",\"position\":1,\"name\":\"Home\",\"item\":\"https:\\\/\\\/www.nakichekoi.nl\\\/\"},{\"@type\":\"ListItem\",\"position\":2,\"name\":\"Winkel\",\"item\":\"https:\\\/\\\/www.nakichekoi.nl\\\/?page_id=8\"},{\"@type\":\"ListItem\",\"position\":3,\"name\":\"Takazumi Ammofix 1L\"}]},{\"@type\":\"WebSite\",\"@id\":\"https:\\\/\\\/www.nakichekoi.nl\\\/#website\",\"url\":\"https:\\\/\\\/www.nakichekoi.nl\\\/\",\"name\":\"Nakiche Koi | Alles voor je vijver\",\"description\":\"Vijverbenodigdheden en meer!\",\"publisher\":{\"@id\":\"https:\\\/\\\/www.nakichekoi.nl\\\/#organization\"},\"potentialAction\":[{\"@type\":\"SearchAction\",\"target\":{\"@type\":\"EntryPoint\",\"urlTemplate\":\"https:\\\/\\\/www.nakichekoi.nl\\\/?s={search_term_string}\"},\"query-input\":{\"@type\":\"PropertyValueSpecification\",\"valueRequired\":true,\"valueName\":\"search_term_string\"}}],\"inLanguage\":\"nl-NL\"},{\"@type\":\"Organization\",\"@id\":\"https:\\\/\\\/www.nakichekoi.nl\\\/#organization\",\"name\":\"Nakiche Koi | Alles voor je vijver\",\"url\":\"https:\\\/\\\/www.nakichekoi.nl\\\/\",\"logo\":{\"@type\":\"ImageObject\",\"inLanguage\":\"nl-NL\",\"@id\":\"https:\\\/\\\/www.nakichekoi.nl\\\/#\\\/schema\\\/logo\\\/image\\\/\",\"url\":\"https:\\\/\\\/www.nakichekoi.nl\\\/wp-content\\\/uploads\\\/2026\\\/04\\\/logo.avif\",\"contentUrl\":\"https:\\\/\\\/www.nakichekoi.nl\\\/wp-content\\\/uploads\\\/2026\\\/04\\\/logo.avif\",\"width\":228,\"height\":48,\"caption\":\"Nakiche Koi | Alles voor je vijver\"},\"image\":{\"@id\":\"https:\\\/\\\/www.nakichekoi.nl\\\/#\\\/schema\\\/logo\\\/image\\\/\"},\"sameAs\":[\"https:\\\/\\\/www.facebook.com\\\/nakichekoi\"]}]}<\/script>\n<!-- \/ Yoast SEO plugin. -->","yoast_head_json":{"title":"Takazumi Ammofix 1L - Nakiche Koi | Alles voor je vijver","robots":{"index":"index","follow":"follow","max-snippet":"max-snippet:-1","max-image-preview":"max-image-preview:large","max-video-preview":"max-video-preview:-1"},"canonical":"https:\/\/www.nakichekoi.nl\/?product=takazumi-ammofix-1l","og_locale":"nl_NL","og_type":"article","og_title":"Takazumi Ammofix 1L - Nakiche Koi | Alles voor je vijver","og_description":"vijverwaterbehandeling","og_url":"https:\/\/www.nakichekoi.nl\/?product=takazumi-ammofix-1l","og_site_name":"Nakiche Koi | Alles voor je vijver","article_publisher":"https:\/\/www.facebook.com\/nakichekoi","article_modified_time":"2026-04-25T07:40:10+00:00","og_image":[{"width":300,"height":300,"url":"https:\/\/www.nakichekoi.nl\/wp-content\/uploads\/2026\/04\/takazumiammofix-1-1.png","type":"image\/png"}],"twitter_card":"summary_large_image","twitter_misc":{"Geschatte leestijd":"1 minuut"},"schema":{"@context":"https:\/\/schema.org","@graph":[{"@type":"WebPage","@id":"https:\/\/www.nakichekoi.nl\/?product=takazumi-ammofix-1l","url":"https:\/\/www.nakichekoi.nl\/?product=takazumi-ammofix-1l","name":"Takazumi Ammofix 1L - Nakiche Koi | Alles voor je vijver","isPartOf":{"@id":"https:\/\/www.nakichekoi.nl\/#website"},"primaryImageOfPage":{"@id":"https:\/\/www.nakichekoi.nl\/?product=takazumi-ammofix-1l#primaryimage"},"image":{"@id":"https:\/\/www.nakichekoi.nl\/?product=takazumi-ammofix-1l#primaryimage"},"thumbnailUrl":"https:\/\/www.nakichekoi.nl\/wp-content\/uploads\/2026\/04\/takazumiammofix-1-1.avif","datePublished":"2019-08-24T05:57:29+00:00","dateModified":"2026-04-25T07:40:10+00:00","breadcrumb":{"@id":"https:\/\/www.nakichekoi.nl\/?product=takazumi-ammofix-1l#breadcrumb"},"inLanguage":"nl-NL","potentialAction":[{"@type":"ReadAction","target":["https:\/\/www.nakichekoi.nl\/?product=takazumi-ammofix-1l"]}]},{"@type":"ImageObject","inLanguage":"nl-NL","@id":"https:\/\/www.nakichekoi.nl\/?product=takazumi-ammofix-1l#primaryimage","url":"https:\/\/www.nakichekoi.nl\/wp-content\/uploads\/2026\/04\/takazumiammofix-1-1.avif","contentUrl":"https:\/\/www.nakichekoi.nl\/wp-content\/uploads\/2026\/04\/takazumiammofix-1-1.avif","width":300,"height":300},{"@type":"BreadcrumbList","@id":"https:\/\/www.nakichekoi.nl\/?product=takazumi-ammofix-1l#breadcrumb","itemListElement":[{"@type":"ListItem","position":1,"name":"Home","item":"https:\/\/www.nakichekoi.nl\/"},{"@type":"ListItem","position":2,"name":"Winkel","item":"https:\/\/www.nakichekoi.nl\/?page_id=8"},{"@type":"ListItem","position":3,"name":"Takazumi Ammofix 1L"}]},{"@type":"WebSite","@id":"https:\/\/www.nakichekoi.nl\/#website","url":"https:\/\/www.nakichekoi.nl\/","name":"Nakiche Koi | Alles voor je vijver","description":"Vijverbenodigdheden en meer!","publisher":{"@id":"https:\/\/www.nakichekoi.nl\/#organization"},"potentialAction":[{"@type":"SearchAction","target":{"@type":"EntryPoint","urlTemplate":"https:\/\/www.nakichekoi.nl\/?s={search_term_string}"},"query-input":{"@type":"PropertyValueSpecification","valueRequired":true,"valueName":"search_term_string"}}],"inLanguage":"nl-NL"},{"@type":"Organization","@id":"https:\/\/www.nakichekoi.nl\/#organization","name":"Nakiche Koi | Alles voor je vijver","url":"https:\/\/www.nakichekoi.nl\/","logo":{"@type":"ImageObject","inLanguage":"nl-NL","@id":"https:\/\/www.nakichekoi.nl\/#\/schema\/logo\/image\/","url":"https:\/\/www.nakichekoi.nl\/wp-content\/uploads\/2026\/04\/logo.avif","contentUrl":"https:\/\/www.nakichekoi.nl\/wp-content\/uploads\/2026\/04\/logo.avif","width":228,"height":48,"caption":"Nakiche Koi | Alles voor je vijver"},"image":{"@id":"https:\/\/www.nakichekoi.nl\/#\/schema\/logo\/image\/"},"sameAs":["https:\/\/www.facebook.com\/nakichekoi"]}]}},"_links":{"self":[{"href":"https:\/\/www.nakichekoi.nl\/index.php?rest_route=\/wp\/v2\/product\/16526","targetHints":{"allow":["GET"]}}],"collection":[{"href":"https:\/\/www.nakichekoi.nl\/index.php?rest_route=\/wp\/v2\/product"}],"about":[{"href":"https:\/\/www.nakichekoi.nl\/index.php?rest_route=\/wp\/v2\/types\/product"}],"replies":[{"embeddable":true,"href":"https:\/\/www.nakichekoi.nl\/index.php?rest_route=%2Fwp%2Fv2%2Fcomments&post=16526"}],"wp:featuredmedia":[{"embeddable":true,"href":"https:\/\/www.nakichekoi.nl\/index.php?rest_route=\/wp\/v2\/media\/37764"}],"wp:attachment":[{"href":"https:\/\/www.nakichekoi.nl\/index.php?rest_route=%2Fwp%2Fv2%2Fmedia&parent=16526"}],"wp:term":[{"taxonomy":"product_brand","embeddable":true,"href":"https:\/\/www.nakichekoi.nl\/index.php?rest_route=%2Fwp%2Fv2%2Fproduct_brand&post=16526"},{"taxonomy":"product_cat","embeddable":true,"href":"https:\/\/www.nakichekoi.nl\/index.php?rest_route=%2Fwp%2Fv2%2Fproduct_cat&post=16526"},{"taxonomy":"product_tag","embeddable":true,"href":"https:\/\/www.nakichekoi.nl\/index.php?rest_route=%2Fwp%2Fv2%2Fproduct_tag&post=16526"}],"curies":[{"name":"wp","href":"https:\/\/api.w.org\/{rel}","templated":true}]}}